{"id":1716,"date":"2023-09-20T13:10:18","date_gmt":"2023-09-20T13:10:18","guid":{"rendered":"http:\/\/www.hotel-rossmann.at\/?page_id=1716"},"modified":"2024-10-17T12:43:08","modified_gmt":"2024-10-17T10:43:08","slug":"impressum","status":"publish","type":"page","link":"https:\/\/www.hotel-rossmann.at\/it\/impronta\/","title":{"rendered":"Impronta"},"content":{"rendered":"<div data-elementor-type=\"wp-page\" data-elementor-id=\"1716\" class=\"elementor elementor-1716\" data-elementor-post-type=\"page\">\n\t\t\t\t<div class=\"elementor-element elementor-element-80bc8b5 e-flex e-con-boxed e-con e-parent\" data-id=\"80bc8b5\" data-element_type=\"container\" data-settings=\"{&quot;background_background&quot;:&quot;classic&quot;}\">\n\t\t\t\t\t<div class=\"e-con-inner\">\n\t\t\t\t<div class=\"elementor-element elementor-element-1246ecf elementor-invisible elementor-widget elementor-widget-heading\" data-id=\"1246ecf\" data-element_type=\"widget\" data-settings=\"{&quot;_animation&quot;:&quot;fadeInUp&quot;}\" data-widget_type=\"heading.default\">\n\t\t\t\t<div class=\"elementor-widget-container\">\n\t\t\t\t\t<h3 class=\"elementor-heading-title elementor-size-default\">Impronta<\/h3>\t\t\t\t<\/div>\n\t\t\t\t<\/div>\n\t\t\t\t<div class=\"elementor-element elementor-element-f476982 elementor-widget__width-initial elementor-invisible elementor-widget elementor-widget-text-editor\" data-id=\"f476982\" data-element_type=\"widget\" data-settings=\"{&quot;_animation&quot;:&quot;fadeInUp&quot;}\" data-widget_type=\"text-editor.default\">\n\t\t\t\t<div class=\"elementor-widget-container\">\n\t\t\t\t\t\t\t\t\t<p>Informazioni in conformit\u00e0 all'obbligo di informazione ai sensi del \u00a75 della Legge sul commercio elettronico, del \u00a714 del Codice commerciale austriaco, del \u00a763 del Codice industriale e dell'obbligo di divulgazione ai sensi del \u00a725 della Legge sui media.<\/p>\t\t\t\t\t\t\t\t<\/div>\n\t\t\t\t<\/div>\n\t\t\t\t\t<\/div>\n\t\t\t\t<\/div>\n\t\t<div class=\"elementor-element elementor-element-3915e29 e-flex e-con-boxed e-con e-parent\" data-id=\"3915e29\" data-element_type=\"container\">\n\t\t\t\t\t<div class=\"e-con-inner\">\n\t\t\t\t<div class=\"elementor-element elementor-element-5953e72 elementor-invisible elementor-widget elementor-widget-text-editor\" data-id=\"5953e72\" data-element_type=\"widget\" data-settings=\"{&quot;_animation&quot;:&quot;fadeInUp&quot;}\" data-widget_type=\"text-editor.default\">\n\t\t\t\t<div class=\"elementor-widget-container\">\n\t\t\t\t\t\t\t\t\t<h1 class=\"adsimple-122694056 fusion-responsive-typography-calculated\" data-fontsize=\"32\" data-lineheight=\"38.400002px\">Impronta<\/h1><p class=\"adsimple-122694056\">Informazioni in conformit\u00e0 all'obbligo di informazione ai sensi del \u00a75 della Legge sul commercio elettronico, del \u00a714 del Codice commerciale austriaco, del \u00a763 del Codice industriale e dell'obbligo di divulgazione ai sensi del \u00a725 della Legge sui media.<\/p><p class=\"adsimple-122694056\">Christopher Ebenberger \/ Ditta individuale<br \/>Hauptstra\u00dfe 59, <br \/>9761 Greifenburg, <br \/>Austria<\/p><p class=\"adsimple-122694056\"><strong>Oggetto sociale:<\/strong> Hotel, locanda<br \/><strong>Partita IVA:<\/strong> ATU 79 13 21 45<br \/><strong>GLN:<\/strong> 9110033289516<\/p><p class=\"adsimple-122694056\"><strong>Tel:<\/strong> +43 (0) 4712 237<br \/><strong>E-mail:<\/strong> <a href=\"mailto:info@hotel-rossmann.at\">info@hotel-rossmann.at<\/a><\/p><p class=\"adsimple-122694056\"><strong>Stato di assegnazione:<\/strong> Austria<\/p><p class=\"adsimple-122694056\"><strong>Dati di contatto della persona responsabile della protezione dei dati<\/strong><br \/>Se avete domande sulla protezione dei dati, di seguito troverete i dati di contatto della persona o dell'ente responsabile:<br \/>Christopher Ebenberger<br \/>Indirizzo e-mail: <a href=\"mailto:info@hotel-rossmann.at\">info@hotel-rossmann.at<\/a><br \/>Impronta <a href=\"https:\/\/www.hotel-rossmann.at\/impressum\/\" target=\"_self\" rel=\"noopener\">https:\/\/www.hotel-rossmann.at\/impressum\/<\/a><\/p><h2 id=\"eu-streitschlichtung\" class=\"adsimple-122694056 fusion-responsive-typography-calculated\" data-fontsize=\"24\" data-lineheight=\"36px\">Risoluzione delle controversie nell'UE<\/h2><p>In conformit\u00e0 al Regolamento sulla risoluzione delle controversie online in materia di consumo (Regolamento ODR), desideriamo informarvi sulla piattaforma di risoluzione delle controversie online (piattaforma OS).<br \/>I consumatori hanno la possibilit\u00e0 di presentare reclami alla piattaforma di risoluzione delle controversie online della Commissione europea all'indirizzo <a class=\"adsimple-122694056\" href=\"https:\/\/ec.europa.eu\/consumers\/odr\/main\/index.cfm?event=main.home2.show&amp;lng=DE\" target=\"_blank\" rel=\"follow noopener\">https:\/\/ec.europa.eu\/consumers\/odr\/main\/index.cfm?event=main.home2.show&amp;lng=DE<\/a> all'indirizzo. I dettagli di contatto necessari sono riportati nella nostra nota legale.<\/p><p>Wir m\u00f6chten Sie jedoch darauf hinweisen, dass wir nicht bereit oder verpflichtet sind, an Streitbeilegungsverfahren vor einer Verbraucherschlichtungsstelle teilzunehmen.<\/p><h2 id=\"haftung-fuer-inhalte-dieser-webseite\" class=\"adsimple-122694056 fusion-responsive-typography-calculated\" data-fontsize=\"24\" data-lineheight=\"36px\">Responsabilit\u00e0 per il contenuto di questo sito web<\/h2><p>Sviluppiamo costantemente i contenuti di questo sito web e ci impegniamo a fornire informazioni corrette e aggiornate. Purtroppo non possiamo assumerci alcuna responsabilit\u00e0 per l'accuratezza di tutti i contenuti di questo sito, in particolare quelli forniti da terzi. In qualit\u00e0 di fornitore di servizi, non siamo obbligati a monitorare le informazioni trasmesse o memorizzate dall'utente o a indagare su circostanze che indicano un'attivit\u00e0 illegale.\n\nTradotto con www.DeepL.com\/Translator (versione gratuita)<\/p><p>I nostri obblighi di rimuovere le informazioni o di bloccare l'uso delle informazioni in conformit\u00e0 alle leggi generali a causa di ordini giudiziari o ufficiali rimangono inalterati, anche se non siamo responsabili.<\/p><p>Se si notano contenuti problematici o illegali, si prega di contattarci immediatamente in modo da poterli rimuovere. I dettagli di contatto sono riportati nella nota legale.<\/p><h2 id=\"haftung-links-webseite\" class=\"adsimple-122694056 fusion-responsive-typography-calculated\" data-fontsize=\"24\" data-lineheight=\"36px\">Responsabilit\u00e0 per i link presenti su questo sito web<\/h2><p>Il nostro sito web contiene link ad altri siti web per il cui contenuto non siamo responsabili. Non abbiamo alcuna responsabilit\u00e0 per i siti web collegati perch\u00e9 non eravamo e non siamo a conoscenza di attivit\u00e0 illegali, non abbiamo notato alcuna attivit\u00e0 illegale finora e rimuoveremmo immediatamente i link se venissimo a conoscenza di attivit\u00e0 illegali.<\/p><p>Se notate dei link illegali sul nostro sito web, contattateci. I dettagli di contatto sono riportati nelle note legali.<\/p><h2 id=\"urheberrechtshinweis\" class=\"adsimple-122694056 fusion-responsive-typography-calculated\" data-fontsize=\"24\" data-lineheight=\"36px\">Avviso di copyright<\/h2><p>Tutti i contenuti di questo sito (immagini, foto, testi, video) sono soggetti a copyright. Vi preghiamo di chiedere a noi prima di distribuire, riprodurre o sfruttare i contenuti di questo sito web, come ad esempio ripubblicarli su altri siti web. Se necessario, intraprenderemo azioni legali contro l'uso non autorizzato di parti del contenuto del nostro sito web.<\/p><p>Se in questo sito si trovano contenuti che violano il diritto d'autore, si prega di contattarci.<\/p><h2 id=\"bildernachweis\" class=\"adsimple-122694056 fusion-responsive-typography-calculated\" data-fontsize=\"24\" data-lineheight=\"36px\">Crediti d'immagine<\/h2><p>Le immagini, le foto e la grafica di questo sito sono protette da copyright. <br \/>I diritti d'immagine sono detenuti da: Sabine Sattlegger; K\u00e4rnten Werbung e Grossglockner.at<\/p><p>Tutti i testi sono protetti da copyright.<\/p><p>Fonte: Creato con <a title=\"Generatore di impronte di AdSimple per l&#039;Austria\" href=\"https:\/\/www.adsimple.at\/impressum-generator\/\">Generatore di impronte di AdSimple per l'Austria<\/a> da AdSimple<\/p>\t\t\t\t\t\t\t\t<\/div>\n\t\t\t\t<\/div>\n\t\t\t\t\t<\/div>\n\t\t\t\t<\/div>\n\t\t\t\t<\/div>","protected":false},"excerpt":{"rendered":"<p>Informazioni sul legale rappresentante ai sensi dell'obbligo di informazione secondo \u00a7 5 della legge sull'e-commerce, \u00a7 14 del codice delle societ\u00e0, \u00a7 63 del regolamento professionale e dell'obbligo di divulgazione secondo \u00a7 25 della legge sui media. Informazioni sul legale rappresentante ai sensi dell'obbligo di informazione secondo \u00a7 5 della legge sull'e-commerce, \u00a7 14 del codice delle societ\u00e0, \u00a7 63 del regolamento professionale e dell'obbligo di divulgazione secondo \u00a7 25 della legge sui media. Christopher Ebenberger \/ Impresa individuale Hauptstra\u00dfe 59, 9761 Greifenburg, Austria Oggetto sociale: Gestione alberghiera, locanda Numero IVA: ATU 79 13 21 45 GLN: 9110033289516 Tel.: +43 (0) 4712 \u2026<\/p>\n<p class=\"read-more\"> <a class=\"\" href=\"https:\/\/www.hotel-rossmann.at\/it\/impronta\/\"> <span class=\"screen-reader-text\">Impronta<\/span> Leggi altro \u00bb<\/a><\/p>","protected":false},"author":1,"featured_media":0,"parent":0,"menu_order":0,"comment_status":"closed","ping_status":"closed","template":"","meta":{"_monsterinsights_skip_tracking":false,"_monsterinsights_sitenote_active":false,"_monsterinsights_sitenote_note":"","_monsterinsights_sitenote_category":0,"site-sidebar-layout":"no-sidebar","site-content-layout":"","ast-site-content-layout":"full-width-container","site-content-style":"default","site-sidebar-style":"default","ast-global-header-display":"","ast-banner-title-visibility":"","ast-main-header-display":"","ast-hfb-above-header-display":"","ast-hfb-below-header-display":"","ast-hfb-mobile-header-display":"","site-post-title":"disabled","ast-breadcrumbs-content":"","ast-featured-img":"disabled","footer-sml-layout":"","theme-transparent-header-meta":"","adv-header-id-meta":"","stick-header-meta":"","header-above-stick-meta":"","header-main-stick-meta":"","header-below-stick-meta":"","astra-migrate-meta-layouts":"","footnotes":""},"class_list":["post-1716","page","type-page","status-publish","hentry"],"aioseo_notices":[],"_links":{"self":[{"href":"https:\/\/www.hotel-rossmann.at\/it\/wp-json\/wp\/v2\/pages\/1716","targetHints":{"allow":["GET"]}}],"collection":[{"href":"https:\/\/www.hotel-rossmann.at\/it\/wp-json\/wp\/v2\/pages"}],"about":[{"href":"https:\/\/www.hotel-rossmann.at\/it\/wp-json\/wp\/v2\/types\/page"}],"author":[{"embeddable":true,"href":"https:\/\/www.hotel-rossmann.at\/it\/wp-json\/wp\/v2\/users\/1"}],"replies":[{"embeddable":true,"href":"https:\/\/www.hotel-rossmann.at\/it\/wp-json\/wp\/v2\/comments?post=1716"}],"version-history":[{"count":48,"href":"https:\/\/www.hotel-rossmann.at\/it\/wp-json\/wp\/v2\/pages\/1716\/revisions"}],"predecessor-version":[{"id":5365,"href":"https:\/\/www.hotel-rossmann.at\/it\/wp-json\/wp\/v2\/pages\/1716\/revisions\/5365"}],"wp:attachment":[{"href":"https:\/\/www.hotel-rossmann.at\/it\/wp-json\/wp\/v2\/media?parent=1716"}],"curies":[{"name":"wp","href":"https:\/\/api.w.org\/{rel}","templated":true}]}}